{"id":3,"date":"2025-05-20T11:34:08","date_gmt":"2025-05-20T11:34:08","guid":{"rendered":"https:\/\/esdi.ovh\/wordpress\/?page_id=3"},"modified":"2025-06-10T18:38:24","modified_gmt":"2025-06-10T18:38:24","slug":"privacy-policy","status":"publish","type":"page","link":"https:\/\/chaletlangelina.com\/index.php\/privacy-policy\/","title":{"rendered":"Mentions l\u00e9gales"},"content":{"rendered":"\t\t<div data-elementor-type=\"wp-page\" data-elementor-id=\"3\" class=\"elementor elementor-3\" data-elementor-post-type=\"page\">\n\t\t\t\t<div class=\"elementor-element elementor-element-593ee64d e-flex e-con-boxed e-con e-parent\" data-id=\"593ee64d\" data-element_type=\"container\">\n\t\t\t\t\t<div class=\"e-con-inner\">\n\t\t\t\t<div class=\"elementor-element elementor-element-53d883cf elementor-widget elementor-widget-text-editor\" data-id=\"53d883cf\" data-element_type=\"widget\" data-widget_type=\"text-editor.default\">\n\t\t\t\t<div class=\"elementor-widget-container\">\n\t\t\t\t\t\t\t\t\t<h1><strong>Mentions l\u00e9gales<\/strong><\/h1>\n<p>En vigueur au 01\/06\/2025<\/p>\n<p>Conform\u00e9ment aux dispositions de la loi n\u00b02004-575 du 21 juin 2004 pour la Confiance en l\u2019\u00e9conomie num\u00e9rique, il est port\u00e9 \u00e0 la connaissance des utilisateurs et visiteurs, ci-apr\u00e8s l&rsquo; \u00ab\u00a0<strong>Utilisateur<\/strong>\u00ab\u00a0, du site esdi.pro , ci-apr\u00e8s le \u00ab\u00a0<strong>Site<\/strong>\u00ab\u00a0, les pr\u00e9sentes mentions l\u00e9gales.<\/p>\n<p>La connexion et la navigation sur le Site par l\u2019Utilisateur implique acceptation int\u00e9grale et sans r\u00e9serve des pr\u00e9sentes mentions l\u00e9gales.<\/p>\n<p>Ces derni\u00e8res sont accessibles sur le Site \u00e0 la rubrique \u00ab\u00a0<strong>Mentions l\u00e9gales<\/strong>\u00ab\u00a0.<\/p>\n<h2><strong>EDITION DU SITE<\/strong><\/h2>\n<p>L&rsquo;\u00e9dition du Site est assur\u00e9e par la soci\u00e9t\u00e9 ESDI, SAS au capital de 200 euros, immatricul\u00e9e au Registre du Commerce et des Soci\u00e9t\u00e9s de CHAMBERY sous le num\u00e9ro 942904624 dont le si\u00e8ge social est situ\u00e9 au 4 HAMEAU D HERBEFIN,<\/p>\n<p>&gt; <strong>Num\u00e9ro de t\u00e9l\u00e9phone<\/strong> : 0672920067<\/p>\n<p>&gt; <strong>Adresse e-mail<\/strong> : info@esdi.pro.<\/p>\n<p>&gt; <strong>N\u00b0 de TVA intracommunautaire<\/strong> : FR78942904624<\/p>\n<p>&gt; <strong>Directeur de la publication<\/strong> : KEVIN CRAFFE<\/p>\n<p>ci-apr\u00e8s l'\u00a0\u00bb<strong>Editeur<\/strong>\u00ab\u00a0.<\/p>\n<h2><strong>HEBERGEUR<\/strong><\/h2>\n<p>L&rsquo;h\u00e9bergeur du Site est la soci\u00e9t\u00e9 ESDI, dont le si\u00e8ge social est situ\u00e9 au\u00a0 4 Hameau D&rsquo;Herbefin 73480 VALCENIS .<\/p>\n<h3><strong>ACCES AU SITE<\/strong><\/h3>\n<p>Le Site est normalement accessible, \u00e0 tout moment, \u00e0 l&rsquo;Utilisateur. Toutefois, l&rsquo;Editeur pourra, \u00e0 tout moment, suspendre, limiter ou interrompre le Site afin de proc\u00e9der, notamment, \u00e0 des mises \u00e0 jour ou des modifications de son contenu. L&rsquo;Editeur ne pourra en aucun cas \u00eatre tenu responsable des cons\u00e9quences \u00e9ventuelles de cette indisponibilit\u00e9 sur les activit\u00e9s de l&rsquo;Utilisateur.<\/p>\n<p>ci-apr\u00e8s l'\u00a0\u00bb<strong>Editeur<\/strong>\u00ab\u00a0.<\/p>\n<h3><strong>HEBERGEUR<\/strong><\/h3>\n<p>L&rsquo;h\u00e9bergeur du Site est la soci\u00e9t\u00e9 ESDI, dont le si\u00e8ge social est situ\u00e9 au\u00a0 4 Hameau D&rsquo;Herbefin 73480 VALCENIS . Le num\u00e9ro de t\u00e9l\u00e9phone de l&rsquo;h\u00e9bergeur est le 0672920067.<\/p>\n<p><strong>ACCES AU SITE<\/strong><\/p>\n<p>Le Site est normalement accessible, \u00e0 tout moment, \u00e0 l&rsquo;Utilisateur. Toutefois, l&rsquo;Editeur pourra, \u00e0 tout moment, suspendre, limiter ou interrompre le Site afin de proc\u00e9der, notamment, \u00e0 des mises \u00e0 jour ou des modifications de son contenu. L&rsquo;Editeur ne pourra en aucun cas \u00eatre tenu responsable des cons\u00e9quences \u00e9ventuelles de cette indisponibilit\u00e9 sur les activit\u00e9s de l&rsquo;Utilisateur.<\/p>\n<p>Toute utilisation, reproduction, diffusion, commercialisation, modification de toute ou partie du Site , sans autorisation expresse de l\u2019Editeur est prohib\u00e9e et pourra entra\u00eener des actions et poursuites judiciaires telles que pr\u00e9vues par la r\u00e8glementation en vigueur.<\/p>\t\t\t\t\t\t\t\t<\/div>\n\t\t\t\t<\/div>\n\t\t\t\t\t<\/div>\n\t\t\t\t<\/div>\n\t\t\t\t<\/div>\n\t\t","protected":false},"excerpt":{"rendered":"<p>Mentions l\u00e9gales En vigueur au 01\/06\/2025 Conform\u00e9ment aux dispositions de la loi n\u00b02004-575 du 21 juin 2004 pour la Confiance en l\u2019\u00e9conomie num\u00e9rique, il est port\u00e9 \u00e0 la connaissance des utilisateurs et visiteurs, ci-apr\u00e8s l&rsquo; \u00ab\u00a0Utilisateur\u00ab\u00a0, du site esdi.pro , ci-apr\u00e8s le \u00ab\u00a0Site\u00ab\u00a0, les pr\u00e9sentes mentions l\u00e9gales. La connexion et la navigation sur le Site [&hellip;]<\/p>\n","protected":false},"author":1,"featured_media":0,"parent":0,"menu_order":0,"comment_status":"closed","ping_status":"open","template":"","meta":{"footnotes":""},"class_list":["post-3","page","type-page","status-publish","hentry"],"yoast_head":"<!-- This site is optimized with the Yoast SEO plugin v26.8 - https:\/\/yoast.com\/product\/yoast-seo-wordpress\/ -->\n<title>Mentions l\u00e9gales - Chalet L&#039;Angelina<\/title>\n<meta name=\"robots\" content=\"index, follow, max-snippet:-1, max-image-preview:large, max-video-preview:-1\" \/>\n<link rel=\"canonical\" href=\"https:\/\/chaletlangelina.com\/index.php\/privacy-policy\/\" \/>\n<meta property=\"og:locale\" content=\"fr_FR\" \/>\n<meta property=\"og:type\" content=\"article\" \/>\n<meta property=\"og:title\" content=\"Mentions l\u00e9gales - Chalet L&#039;Angelina\" \/>\n<meta property=\"og:description\" content=\"Mentions l\u00e9gales En vigueur au 01\/06\/2025 Conform\u00e9ment aux dispositions de la loi n\u00b02004-575 du 21 juin 2004 pour la Confiance en l\u2019\u00e9conomie num\u00e9rique, il est port\u00e9 \u00e0 la connaissance des utilisateurs et visiteurs, ci-apr\u00e8s l&rsquo; \u00ab\u00a0Utilisateur\u00ab\u00a0, du site esdi.pro , ci-apr\u00e8s le \u00ab\u00a0Site\u00ab\u00a0, les pr\u00e9sentes mentions l\u00e9gales. La connexion et la navigation sur le Site [&hellip;]\" \/>\n<meta property=\"og:url\" content=\"https:\/\/chaletlangelina.com\/index.php\/privacy-policy\/\" \/>\n<meta property=\"og:site_name\" content=\"Chalet L&#039;Angelina\" \/>\n<meta property=\"article:modified_time\" content=\"2025-06-10T18:38:24+00:00\" \/>\n<meta name=\"twitter:card\" content=\"summary_large_image\" \/>\n<meta name=\"twitter:label1\" content=\"Dur\u00e9e de lecture estim\u00e9e\" \/>\n\t<meta name=\"twitter:data1\" content=\"2 minutes\" \/>\n<script type=\"application\/ld+json\" class=\"yoast-schema-graph\">{\"@context\":\"https:\/\/schema.org\",\"@graph\":[{\"@type\":\"WebPage\",\"@id\":\"https:\/\/chaletlangelina.com\/index.php\/privacy-policy\/\",\"url\":\"https:\/\/chaletlangelina.com\/index.php\/privacy-policy\/\",\"name\":\"Mentions l\u00e9gales - Chalet L&#039;Angelina\",\"isPartOf\":{\"@id\":\"https:\/\/chaletlangelina.com\/#website\"},\"datePublished\":\"2025-05-20T11:34:08+00:00\",\"dateModified\":\"2025-06-10T18:38:24+00:00\",\"breadcrumb\":{\"@id\":\"https:\/\/chaletlangelina.com\/index.php\/privacy-policy\/#breadcrumb\"},\"inLanguage\":\"fr-FR\",\"potentialAction\":[{\"@type\":\"ReadAction\",\"target\":[\"https:\/\/chaletlangelina.com\/index.php\/privacy-policy\/\"]}]},{\"@type\":\"BreadcrumbList\",\"@id\":\"https:\/\/chaletlangelina.com\/index.php\/privacy-policy\/#breadcrumb\",\"itemListElement\":[{\"@type\":\"ListItem\",\"position\":1,\"name\":\"Accueil\",\"item\":\"https:\/\/chaletlangelina.com\/\"},{\"@type\":\"ListItem\",\"position\":2,\"name\":\"Mentions l\u00e9gales\"}]},{\"@type\":\"WebSite\",\"@id\":\"https:\/\/chaletlangelina.com\/#website\",\"url\":\"https:\/\/chaletlangelina.com\/\",\"name\":\"Chalet L'Angelina\",\"description\":\"\",\"publisher\":{\"@id\":\"https:\/\/chaletlangelina.com\/#organization\"},\"potentialAction\":[{\"@type\":\"SearchAction\",\"target\":{\"@type\":\"EntryPoint\",\"urlTemplate\":\"https:\/\/chaletlangelina.com\/?s={search_term_string}\"},\"query-input\":{\"@type\":\"PropertyValueSpecification\",\"valueRequired\":true,\"valueName\":\"search_term_string\"}}],\"inLanguage\":\"fr-FR\"},{\"@type\":\"Organization\",\"@id\":\"https:\/\/chaletlangelina.com\/#organization\",\"name\":\"Chalet L'Angelina\",\"url\":\"https:\/\/chaletlangelina.com\/\",\"logo\":{\"@type\":\"ImageObject\",\"inLanguage\":\"fr-FR\",\"@id\":\"https:\/\/chaletlangelina.com\/#\/schema\/logo\/image\/\",\"url\":\"https:\/\/chaletlangelina.com\/wp-content\/uploads\/2026\/01\/cropped-Logo.png\",\"contentUrl\":\"https:\/\/chaletlangelina.com\/wp-content\/uploads\/2026\/01\/cropped-Logo.png\",\"width\":500,\"height\":358,\"caption\":\"Chalet L'Angelina\"},\"image\":{\"@id\":\"https:\/\/chaletlangelina.com\/#\/schema\/logo\/image\/\"}}]}<\/script>\n<!-- \/ Yoast SEO plugin. -->","yoast_head_json":{"title":"Mentions l\u00e9gales - Chalet L&#039;Angelina","robots":{"index":"index","follow":"follow","max-snippet":"max-snippet:-1","max-image-preview":"max-image-preview:large","max-video-preview":"max-video-preview:-1"},"canonical":"https:\/\/chaletlangelina.com\/index.php\/privacy-policy\/","og_locale":"fr_FR","og_type":"article","og_title":"Mentions l\u00e9gales - Chalet L&#039;Angelina","og_description":"Mentions l\u00e9gales En vigueur au 01\/06\/2025 Conform\u00e9ment aux dispositions de la loi n\u00b02004-575 du 21 juin 2004 pour la Confiance en l\u2019\u00e9conomie num\u00e9rique, il est port\u00e9 \u00e0 la connaissance des utilisateurs et visiteurs, ci-apr\u00e8s l&rsquo; \u00ab\u00a0Utilisateur\u00ab\u00a0, du site esdi.pro , ci-apr\u00e8s le \u00ab\u00a0Site\u00ab\u00a0, les pr\u00e9sentes mentions l\u00e9gales. La connexion et la navigation sur le Site [&hellip;]","og_url":"https:\/\/chaletlangelina.com\/index.php\/privacy-policy\/","og_site_name":"Chalet L&#039;Angelina","article_modified_time":"2025-06-10T18:38:24+00:00","twitter_card":"summary_large_image","twitter_misc":{"Dur\u00e9e de lecture estim\u00e9e":"2 minutes"},"schema":{"@context":"https:\/\/schema.org","@graph":[{"@type":"WebPage","@id":"https:\/\/chaletlangelina.com\/index.php\/privacy-policy\/","url":"https:\/\/chaletlangelina.com\/index.php\/privacy-policy\/","name":"Mentions l\u00e9gales - Chalet L&#039;Angelina","isPartOf":{"@id":"https:\/\/chaletlangelina.com\/#website"},"datePublished":"2025-05-20T11:34:08+00:00","dateModified":"2025-06-10T18:38:24+00:00","breadcrumb":{"@id":"https:\/\/chaletlangelina.com\/index.php\/privacy-policy\/#breadcrumb"},"inLanguage":"fr-FR","potentialAction":[{"@type":"ReadAction","target":["https:\/\/chaletlangelina.com\/index.php\/privacy-policy\/"]}]},{"@type":"BreadcrumbList","@id":"https:\/\/chaletlangelina.com\/index.php\/privacy-policy\/#breadcrumb","itemListElement":[{"@type":"ListItem","position":1,"name":"Accueil","item":"https:\/\/chaletlangelina.com\/"},{"@type":"ListItem","position":2,"name":"Mentions l\u00e9gales"}]},{"@type":"WebSite","@id":"https:\/\/chaletlangelina.com\/#website","url":"https:\/\/chaletlangelina.com\/","name":"Chalet L'Angelina","description":"","publisher":{"@id":"https:\/\/chaletlangelina.com\/#organization"},"potentialAction":[{"@type":"SearchAction","target":{"@type":"EntryPoint","urlTemplate":"https:\/\/chaletlangelina.com\/?s={search_term_string}"},"query-input":{"@type":"PropertyValueSpecification","valueRequired":true,"valueName":"search_term_string"}}],"inLanguage":"fr-FR"},{"@type":"Organization","@id":"https:\/\/chaletlangelina.com\/#organization","name":"Chalet L'Angelina","url":"https:\/\/chaletlangelina.com\/","logo":{"@type":"ImageObject","inLanguage":"fr-FR","@id":"https:\/\/chaletlangelina.com\/#\/schema\/logo\/image\/","url":"https:\/\/chaletlangelina.com\/wp-content\/uploads\/2026\/01\/cropped-Logo.png","contentUrl":"https:\/\/chaletlangelina.com\/wp-content\/uploads\/2026\/01\/cropped-Logo.png","width":500,"height":358,"caption":"Chalet L'Angelina"},"image":{"@id":"https:\/\/chaletlangelina.com\/#\/schema\/logo\/image\/"}}]}},"jetpack_sharing_enabled":true,"_links":{"self":[{"href":"https:\/\/chaletlangelina.com\/index.php\/wp-json\/wp\/v2\/pages\/3","targetHints":{"allow":["GET"]}}],"collection":[{"href":"https:\/\/chaletlangelina.com\/index.php\/wp-json\/wp\/v2\/pages"}],"about":[{"href":"https:\/\/chaletlangelina.com\/index.php\/wp-json\/wp\/v2\/types\/page"}],"author":[{"embeddable":true,"href":"https:\/\/chaletlangelina.com\/index.php\/wp-json\/wp\/v2\/users\/1"}],"replies":[{"embeddable":true,"href":"https:\/\/chaletlangelina.com\/index.php\/wp-json\/wp\/v2\/comments?post=3"}],"version-history":[{"count":3,"href":"https:\/\/chaletlangelina.com\/index.php\/wp-json\/wp\/v2\/pages\/3\/revisions"}],"predecessor-version":[{"id":57,"href":"https:\/\/chaletlangelina.com\/index.php\/wp-json\/wp\/v2\/pages\/3\/revisions\/57"}],"wp:attachment":[{"href":"https:\/\/chaletlangelina.com\/index.php\/wp-json\/wp\/v2\/media?parent=3"}],"curies":[{"name":"wp","href":"https:\/\/api.w.org\/{rel}","templated":true}]}}